{"id":2,"date":"2014-04-04T06:29:16","date_gmt":"2014-04-04T06:29:16","guid":{"rendered":"http:\/\/www.muranga.es\/blog\/?page_id=2"},"modified":"2018-07-10T12:11:36","modified_gmt":"2018-07-10T12:11:36","slug":"maquinaria-de-hosteleria-y-alimentacion","status":"publish","type":"page","link":"http:\/\/www.muranga.es\/blog\/maquinaria-de-hosteleria-y-alimentacion\/","title":{"rendered":"EMPRESA"},"content":{"rendered":"<h1>Instalaciones Comerciales M. Uranga S.L.<\/h1>\n<h1>Maquinaria de Hosteler\u00eda y alimentaci\u00f3n<\/h1>\n<p>M. URANGA S.L. es una empresa con una larga y probada trayectoria, desde que en 1968 se fundara con la vocaci\u00f3n de suministro y mantenimiento de maquinaria de Hosteler\u00eda y Alimentaci\u00f3n y Colectividades.<\/p>\n<p><a href=\"http:\/\/www.muranga.es\" target=\"_blank\" rel=\"noopener\"><img loading=\"lazy\" decoding=\"async\" class=\"aligncenter wp-image-1329\" title=\"maquinaria de hosteler\u00eda y alimentaci\u00f3n\" src=\"http:\/\/www.muranga.es\/blog\/wp-content\/uploads\/2018\/07\/muranga-edificio2-300x164.jpg\" alt=\"maquinaria de hosteler\u00eda y alimentaci\u00f3n\" width=\"487\" height=\"208\" \/><\/a><\/p>\n<p>Durante todo este tiempo, los distinto campos sobre los que hemos trabajado y trabajamos son los siguientes:<\/p>\n<ul>\n<li>Un asesoramiento personalizado y detallado a las cuestioenes y necesidades que el cliente nos pueda presentar.<\/li>\n<li>Distribuci\u00f3n de primeras <strong><a href=\"http:\/\/www.felac.com\/\">marcas<\/a><\/strong> de maquinas de hosteler\u00eda y alimentaci\u00f3n, tanto nacionales como de importaci\u00f3n, avaladas por CE, que garantizan un \u00f3ptimo rendimiento de las mismas.<\/li>\n<li>Un servicio post-venta esmerado y eficaz, que es atendido por un equipo t\u00e9cnico especialmente formado para ello.<\/li>\n<\/ul>\n<p>Si lo que se plantea es una reforma integral, d\u00e9jenlo en nuestras manos, nuestro departamento de proyectos se encargar\u00e1 de estudiarla y de conseguir un m\u00e1ximo aprovechamiento de espacio as\u00ed como un \u00f3ptimo rendimiento del mismo. Para ello, crear\u00e1n los plano de distribuci\u00f3n totalmente personalizados al caso, a los que adjuntar\u00e1n un dossier con toda la descripci\u00f3n t\u00e9cnica de la <strong><a href=\"http:\/\/www.muranga.es\/productos\">maquinaria de hosteler\u00eda y alimentaci\u00f3n<\/a><\/strong> plasmada en los mismos.<\/p>\n<p>Por \u00faltimo destacar que <strong>M. URANGA S.L.<\/strong> es la primera empresa del sector en obtener el certificado ISO 9001:2008 de calidad, lo que da muestra de la ascendente linea que seguimos y que esperamos mantener.<\/p>\n","protected":false},"excerpt":{"rendered":"<p>Instalaciones Comerciales M. Uranga S.L. Maquinaria de Hosteler\u00eda y alimentaci\u00f3n M. URANGA S.L. es una empresa con una larga y probada trayectoria, desde que en 1968 se fundara con la vocaci\u00f3n de suministro y mantenimiento de maquinaria de Hosteler\u00eda y Alimentaci\u00f3n y Colectividades. Durante todo este tiempo, los distinto campos sobre los que hemos trabajado [&hellip;]<\/p>\n","protected":false},"author":1,"featured_media":0,"parent":0,"menu_order":0,"comment_status":"open","ping_status":"open","template":"","meta":{"_monsterinsights_skip_tracking":false,"_monsterinsights_sitenote_active":false,"_monsterinsights_sitenote_note":"","_monsterinsights_sitenote_category":0,"ngg_post_thumbnail":0,"jetpack_post_was_ever_published":false,"footnotes":""},"jetpack_sharing_enabled":true,"_links":{"self":[{"href":"http:\/\/www.muranga.es\/blog\/wp-json\/wp\/v2\/pages\/2"}],"collection":[{"href":"http:\/\/www.muranga.es\/blog\/wp-json\/wp\/v2\/pages"}],"about":[{"href":"http:\/\/www.muranga.es\/blog\/wp-json\/wp\/v2\/types\/page"}],"author":[{"embeddable":true,"href":"http:\/\/www.muranga.es\/blog\/wp-json\/wp\/v2\/users\/1"}],"replies":[{"embeddable":true,"href":"http:\/\/www.muranga.es\/blog\/wp-json\/wp\/v2\/comments?post=2"}],"version-history":[{"count":6,"href":"http:\/\/www.muranga.es\/blog\/wp-json\/wp\/v2\/pages\/2\/revisions"}],"predecessor-version":[{"id":1357,"href":"http:\/\/www.muranga.es\/blog\/wp-json\/wp\/v2\/pages\/2\/revisions\/1357"}],"wp:attachment":[{"href":"http:\/\/www.muranga.es\/blog\/wp-json\/wp\/v2\/media?parent=2"}],"curies":[{"name":"wp","href":"https:\/\/api.w.org\/{rel}","templated":true}]}}